{"id":491,"date":"2021-12-14T16:20:20","date_gmt":"2021-12-14T15:20:20","guid":{"rendered":"http:\/\/pbftexa.cluster031.hosting.ovh.net\/?page_id=491"},"modified":"2021-12-14T17:25:03","modified_gmt":"2021-12-14T16:25:03","slug":"mentions-legales","status":"publish","type":"page","link":"https:\/\/elnes.fr\/index.php\/mentions-legales\/","title":{"rendered":"Mentions l\u00e9gales"},"content":{"rendered":"\n<p><\/p>\n\n\n\n<h2>Conditions d&rsquo;utilisation<\/h2>\n\n\n\n<p>Ce site est exploit\u00e9 dans le respect de la l\u00e9gislation fran\u00e7aise. L&rsquo;utilisation de ce site est r\u00e9gie par les pr\u00e9sentes conditions g\u00e9n\u00e9rales. En utilisant le site, vous reconnaissez avoir pris connaissance de ces conditions et les avoir accept\u00e9es. Celles-ci pourront \u00eatres modifi\u00e9es \u00e0 tout moment et sans pr\u00e9avis. L&rsquo;\u00e9diteur ne saurait \u00eatre tenu pour responsable en aucune mani\u00e8re d\u2019une mauvaise utilisation du service.<\/p>\n\n\n\n<h2>\u00c9diteur<\/h2>\n\n\n\n<p>En vertu des dispositions de l&rsquo;article 6 de la loi n\u00b0 2004-575 du 21 juin 2004 pour la confiance dans l&rsquo;\u00e9conomie num\u00e9rique, il est pr\u00e9cis\u00e9 aux utilisateurs du site www.elnes.fr, l&rsquo;identit\u00e9 des diff\u00e9rents intervenants dans le cadre de sa r\u00e9alisation et de son suivi.<\/p>\n\n\n\n<p>Le site www.elnes.fr est \u00e9dit\u00e9 par la Commune d&rsquo;Elnes.<\/p>\n\n\n\n<p>Directeur de publication : Monsieur Jacques Delattre<\/p>\n\n\n\n<p><\/p>\n\n\n\n<p><\/p>\n\n\n\n<h2>Contact<\/h2>\n\n\n\n<p>Email :\u00a0<a href=\"mairie@elnes.fr\">mairie@elnes.fr<\/a><\/p>\n\n\n\n<p><\/p>\n\n\n\n<h2>H\u00e9bergeur et Registrar<\/h2>\n\n\n\n<p>OVH &#8211; SAS au capital de 10 000 000 \u20ac<br>RCS Roubaix \u2013 Tourcoing 424 761 419 00045<br>Code APE 6202A<br>N\u00b0 TVA : FR 22 424 761 419<br>Si\u00e8ge social : 2 rue Kellermann &#8211; 59100 Roubaix &#8211; France.<\/p>\n\n\n\n<h2>Cookies<\/h2>\n\n\n\n<p>L&rsquo;int\u00e9gralit\u00e9 du contenu du site (textes, sons, images, photographies, sch\u00e9mas, logo, marques, etc.) est prot\u00e9g\u00e9e par le droit de la propri\u00e9t\u00e9 intellectuelle.<br>Sous r\u00e9serve des exceptions l\u00e9gales pr\u00e9vues par le Code de la Propri\u00e9t\u00e9 Intellectuelle, toute reproduction et\/ou communication de tout ou partie du contenu du site est soumise \u00e0 autorisation pr\u00e9alable et expresse de la Commune de Elnes.<\/p>\n","protected":false},"excerpt":{"rendered":"<p>Conditions d&rsquo;utilisation Ce site est exploit\u00e9 dans le respect de la l\u00e9gislation fran\u00e7aise. L&rsquo;utilisation de ce site est r\u00e9gie par les pr\u00e9sentes conditions g\u00e9n\u00e9rales. En &hellip;<\/p>\n","protected":false},"author":2,"featured_media":0,"parent":0,"menu_order":0,"comment_status":"closed","ping_status":"closed","template":"","meta":{"ngg_post_thumbnail":0,"spay_email":""},"yoast_head":"<!-- This site is optimized with the Yoast SEO plugin v17.8 - https:\/\/yoast.com\/wordpress\/plugins\/seo\/ -->\n<title>Mentions l\u00e9gales &bull; Elnes<\/title>\n<meta name=\"robots\" content=\"index, follow, max-snippet:-1, max-image-preview:large, max-video-preview:-1\" \/>\n<link rel=\"canonical\" href=\"https:\/\/elnes.fr\/index.php\/mentions-legales\/\" \/>\n<meta property=\"og:locale\" content=\"fr_FR\" \/>\n<meta property=\"og:type\" content=\"article\" \/>\n<meta property=\"og:title\" content=\"Mentions l\u00e9gales &bull; Elnes\" \/>\n<meta property=\"og:description\" content=\"Conditions d&rsquo;utilisation Ce site est exploit\u00e9 dans le respect de la l\u00e9gislation fran\u00e7aise. L&rsquo;utilisation de ce site est r\u00e9gie par les pr\u00e9sentes conditions g\u00e9n\u00e9rales. En &hellip;\" \/>\n<meta property=\"og:url\" content=\"https:\/\/elnes.fr\/index.php\/mentions-legales\/\" \/>\n<meta property=\"og:site_name\" content=\"Elnes\" \/>\n<meta property=\"article:publisher\" content=\"https:\/\/www.facebook.com\/villedelnes\/\" \/>\n<meta property=\"article:modified_time\" content=\"2021-12-14T16:25:03+00:00\" \/>\n<meta property=\"og:image\" content=\"https:\/\/elnes.fr\/wp-content\/uploads\/2021\/12\/PANO_mont2.jpg\" \/>\n\t<meta property=\"og:image:width\" content=\"2280\" \/>\n\t<meta property=\"og:image:height\" content=\"760\" \/>\n<meta name=\"twitter:card\" content=\"summary_large_image\" \/>\n<meta name=\"twitter:label1\" content=\"Dur\u00e9e de lecture estim\u00e9e\" \/>\n\t<meta name=\"twitter:data1\" content=\"2 minutes\" \/>\n<script type=\"application\/ld+json\" class=\"yoast-schema-graph\">{\"@context\":\"https:\/\/schema.org\",\"@graph\":[{\"@type\":\"Organization\",\"@id\":\"https:\/\/elnes.fr\/#organization\",\"name\":\"Commune d'Elnes\",\"url\":\"https:\/\/elnes.fr\/\",\"sameAs\":[\"https:\/\/www.facebook.com\/villedelnes\/\"],\"logo\":{\"@type\":\"ImageObject\",\"@id\":\"https:\/\/elnes.fr\/#logo\",\"inLanguage\":\"fr-FR\",\"url\":\"https:\/\/elnes.fr\/wp-content\/uploads\/2021\/12\/logo_elnes-blason-1.png\",\"contentUrl\":\"https:\/\/elnes.fr\/wp-content\/uploads\/2021\/12\/logo_elnes-blason-1.png\",\"width\":45,\"height\":40,\"caption\":\"Commune d'Elnes\"},\"image\":{\"@id\":\"https:\/\/elnes.fr\/#logo\"}},{\"@type\":\"WebSite\",\"@id\":\"https:\/\/elnes.fr\/#website\",\"url\":\"https:\/\/elnes.fr\/\",\"name\":\"Elnes\",\"description\":\"\",\"publisher\":{\"@id\":\"https:\/\/elnes.fr\/#organization\"},\"potentialAction\":[{\"@type\":\"SearchAction\",\"target\":{\"@type\":\"EntryPoint\",\"urlTemplate\":\"https:\/\/elnes.fr\/?s={search_term_string}\"},\"query-input\":\"required name=search_term_string\"}],\"inLanguage\":\"fr-FR\"},{\"@type\":\"WebPage\",\"@id\":\"https:\/\/elnes.fr\/index.php\/mentions-legales\/#webpage\",\"url\":\"https:\/\/elnes.fr\/index.php\/mentions-legales\/\",\"name\":\"Mentions l\\u00e9gales &bull; Elnes\",\"isPartOf\":{\"@id\":\"https:\/\/elnes.fr\/#website\"},\"datePublished\":\"2021-12-14T15:20:20+00:00\",\"dateModified\":\"2021-12-14T16:25:03+00:00\",\"breadcrumb\":{\"@id\":\"https:\/\/elnes.fr\/index.php\/mentions-legales\/#breadcrumb\"},\"inLanguage\":\"fr-FR\",\"potentialAction\":[{\"@type\":\"ReadAction\",\"target\":[\"https:\/\/elnes.fr\/index.php\/mentions-legales\/\"]}]},{\"@type\":\"BreadcrumbList\",\"@id\":\"https:\/\/elnes.fr\/index.php\/mentions-legales\/#breadcrumb\",\"itemListElement\":[{\"@type\":\"ListItem\",\"position\":1,\"name\":\"Accueil\",\"item\":\"https:\/\/elnes.fr\/\"},{\"@type\":\"ListItem\",\"position\":2,\"name\":\"Mentions l\\u00e9gales\"}]}]}<\/script>\n<!-- \/ Yoast SEO plugin. -->","yoast_head_json":{"title":"Mentions l\u00e9gales &bull; Elnes","robots":{"index":"index","follow":"follow","max-snippet":"max-snippet:-1","max-image-preview":"max-image-preview:large","max-video-preview":"max-video-preview:-1"},"canonical":"https:\/\/elnes.fr\/index.php\/mentions-legales\/","og_locale":"fr_FR","og_type":"article","og_title":"Mentions l\u00e9gales &bull; Elnes","og_description":"Conditions d&rsquo;utilisation Ce site est exploit\u00e9 dans le respect de la l\u00e9gislation fran\u00e7aise. L&rsquo;utilisation de ce site est r\u00e9gie par les pr\u00e9sentes conditions g\u00e9n\u00e9rales. En &hellip;","og_url":"https:\/\/elnes.fr\/index.php\/mentions-legales\/","og_site_name":"Elnes","article_publisher":"https:\/\/www.facebook.com\/villedelnes\/","article_modified_time":"2021-12-14T16:25:03+00:00","og_image":[{"width":2280,"height":760,"url":"https:\/\/elnes.fr\/wp-content\/uploads\/2021\/12\/PANO_mont2.jpg","type":"image\/jpeg"}],"twitter_card":"summary_large_image","twitter_misc":{"Dur\u00e9e de lecture estim\u00e9e":"2 minutes"},"schema":{"@context":"https:\/\/schema.org","@graph":[{"@type":"Organization","@id":"https:\/\/elnes.fr\/#organization","name":"Commune d'Elnes","url":"https:\/\/elnes.fr\/","sameAs":["https:\/\/www.facebook.com\/villedelnes\/"],"logo":{"@type":"ImageObject","@id":"https:\/\/elnes.fr\/#logo","inLanguage":"fr-FR","url":"https:\/\/elnes.fr\/wp-content\/uploads\/2021\/12\/logo_elnes-blason-1.png","contentUrl":"https:\/\/elnes.fr\/wp-content\/uploads\/2021\/12\/logo_elnes-blason-1.png","width":45,"height":40,"caption":"Commune d'Elnes"},"image":{"@id":"https:\/\/elnes.fr\/#logo"}},{"@type":"WebSite","@id":"https:\/\/elnes.fr\/#website","url":"https:\/\/elnes.fr\/","name":"Elnes","description":"","publisher":{"@id":"https:\/\/elnes.fr\/#organization"},"potentialAction":[{"@type":"SearchAction","target":{"@type":"EntryPoint","urlTemplate":"https:\/\/elnes.fr\/?s={search_term_string}"},"query-input":"required name=search_term_string"}],"inLanguage":"fr-FR"},{"@type":"WebPage","@id":"https:\/\/elnes.fr\/index.php\/mentions-legales\/#webpage","url":"https:\/\/elnes.fr\/index.php\/mentions-legales\/","name":"Mentions l\u00e9gales &bull; Elnes","isPartOf":{"@id":"https:\/\/elnes.fr\/#website"},"datePublished":"2021-12-14T15:20:20+00:00","dateModified":"2021-12-14T16:25:03+00:00","breadcrumb":{"@id":"https:\/\/elnes.fr\/index.php\/mentions-legales\/#breadcrumb"},"inLanguage":"fr-FR","potentialAction":[{"@type":"ReadAction","target":["https:\/\/elnes.fr\/index.php\/mentions-legales\/"]}]},{"@type":"BreadcrumbList","@id":"https:\/\/elnes.fr\/index.php\/mentions-legales\/#breadcrumb","itemListElement":[{"@type":"ListItem","position":1,"name":"Accueil","item":"https:\/\/elnes.fr\/"},{"@type":"ListItem","position":2,"name":"Mentions l\u00e9gales"}]}]}},"_links":{"self":[{"href":"https:\/\/elnes.fr\/index.php\/wp-json\/wp\/v2\/pages\/491"}],"collection":[{"href":"https:\/\/elnes.fr\/index.php\/wp-json\/wp\/v2\/pages"}],"about":[{"href":"https:\/\/elnes.fr\/index.php\/wp-json\/wp\/v2\/types\/page"}],"author":[{"embeddable":true,"href":"https:\/\/elnes.fr\/index.php\/wp-json\/wp\/v2\/users\/2"}],"replies":[{"embeddable":true,"href":"https:\/\/elnes.fr\/index.php\/wp-json\/wp\/v2\/comments?post=491"}],"version-history":[{"count":2,"href":"https:\/\/elnes.fr\/index.php\/wp-json\/wp\/v2\/pages\/491\/revisions"}],"predecessor-version":[{"id":494,"href":"https:\/\/elnes.fr\/index.php\/wp-json\/wp\/v2\/pages\/491\/revisions\/494"}],"wp:attachment":[{"href":"https:\/\/elnes.fr\/index.php\/wp-json\/wp\/v2\/media?parent=491"}],"curies":[{"name":"wp","href":"https:\/\/api.w.org\/{rel}","templated":true}]}}